{"id":21,"date":"2025-06-30T09:18:30","date_gmt":"2025-06-30T07:18:30","guid":{"rendered":"https:\/\/educa.sytes.net\/?page_id=21"},"modified":"2025-06-30T10:54:13","modified_gmt":"2025-06-30T08:54:13","slug":"intro","status":"publish","type":"page","link":"https:\/\/educa.sytes.net\/","title":{"rendered":"intro"},"content":{"rendered":"<h2 style=\"text-align: center;\">Rumbo a Mil\u00e1n 2026<\/h2>\n<p style=\"text-align: center;\">Este blog nace con el fin de que, a lo largo de las unidades did\u00e1cticas, vosotros\/as vay\u00e1is adquiriendo las capacidades f\u00edsicas, habilidades motrices, valores sociales y h\u00e1bitos saludables necesarios para convertiros en aut\u00e9nticos deportistas ol\u00edmpicos. Siempre por medio de juegos y actividades divertidas que permitan enriqueceros de las experiencias vividas.<\/p>\n<p style=\"text-align: center;\">\u00a1La Educaci\u00f3n F\u00edsica es uno de los pilares fundamentales del crecimiento humano!<\/p>\n","protected":false},"excerpt":{"rendered":"<p>Rumbo a Mil\u00e1n 2026 Este blog nace con el fin de que, a lo largo de las unidades did\u00e1cticas, vosotros\/as vay\u00e1is adquiriendo las capacidades f\u00edsicas, habilidades motrices, valores sociales y h\u00e1bitos saludables necesarios para convertiros en aut\u00e9nticos deportistas ol\u00edmpicos. Siempre por medio de juegos y actividades divertidas que permitan enriqueceros de las experiencias vividas. \u00a1La &#8230; <a title=\"intro\" class=\"read-more\" href=\"https:\/\/educa.sytes.net\/\" aria-label=\"Leer m\u00e1s sobre intro\">Leer m\u00e1s<\/a><\/p>\n","protected":false},"author":1,"featured_media":22,"parent":0,"menu_order":0,"comment_status":"closed","ping_status":"closed","template":"","meta":{"footnotes":""},"class_list":["post-21","page","type-page","status-publish","has-post-thumbnail"],"_links":{"self":[{"href":"https:\/\/educa.sytes.net\/index.php?rest_route=\/wp\/v2\/pages\/21","targetHints":{"allow":["GET"]}}],"collection":[{"href":"https:\/\/educa.sytes.net\/index.php?rest_route=\/wp\/v2\/pages"}],"about":[{"href":"https:\/\/educa.sytes.net\/index.php?rest_route=\/wp\/v2\/types\/page"}],"author":[{"embeddable":true,"href":"https:\/\/educa.sytes.net\/index.php?rest_route=\/wp\/v2\/users\/1"}],"replies":[{"embeddable":true,"href":"https:\/\/educa.sytes.net\/index.php?rest_route=%2Fwp%2Fv2%2Fcomments&post=21"}],"version-history":[{"count":3,"href":"https:\/\/educa.sytes.net\/index.php?rest_route=\/wp\/v2\/pages\/21\/revisions"}],"predecessor-version":[{"id":94,"href":"https:\/\/educa.sytes.net\/index.php?rest_route=\/wp\/v2\/pages\/21\/revisions\/94"}],"wp:featuredmedia":[{"embeddable":true,"href":"https:\/\/educa.sytes.net\/index.php?rest_route=\/wp\/v2\/media\/22"}],"wp:attachment":[{"href":"https:\/\/educa.sytes.net\/index.php?rest_route=%2Fwp%2Fv2%2Fmedia&parent=21"}],"curies":[{"name":"wp","href":"https:\/\/api.w.org\/{rel}","templated":true}]}}